{"id":24,"date":"2023-09-01T19:45:26","date_gmt":"2023-09-01T17:45:26","guid":{"rendered":"http:\/\/boruckibau.de\/?page_id=24"},"modified":"2023-11-30T00:11:49","modified_gmt":"2023-11-29T23:11:49","slug":"o-nas","status":"publish","type":"page","link":"https:\/\/boruckibau.de\/pl\/o-nas\/","title":{"rendered":"\u00dcber uns"},"content":{"rendered":"<p>&nbsp;<\/p>\n<p style=\"text-align: center;\"><strong>\u00dcBER UNS<\/strong><\/p>\n<p>&nbsp;<\/p>\n<p>&nbsp;<\/p>\n<p>Herzlich willkommen bei Borucki Bau, Ihrem zuverl\u00e4ssigen Partner f\u00fcr Ihre Bauprojekte! Unser Hauptsitz befindet sich in Berlin, wir haben aber auch zwei weitere Standorte in Magdeburg und Timmendorfer Strand. Seit 2018 bieten wir unsere Bauleistungen in den Bereichen : Innen- und Au\u00dfenputz, WDVS, Maler- und Holzlakier arbeiten, Altbausanierung, Ger\u00fcstbau an. Wir realisieren unsere Projekte sowohl in den Bereichen Industrieobjekte als auch Ein- und Mehrfamilienh\u00e4user. Unsere Teams bestehen aus hochqualifizierten und hochmotivierten Mitarbeitern, die jeden Tag daf\u00fcr sorgen, dass unsere Kunden gl\u00fccklich und zufrieden sind.<\/p>\n<p>Borucki Bau zeichnet sich durch P\u00fcnktlichkeit, hohe Qualit\u00e4t der erbrachten Dienstleistungen und individuelle Herangehensweise an den Kunden aus. Wenn Sie unsere Website besucht haben, sind Sie sicherlich daran interessiert, mit uns in Kontakt zu treten. Wir beraten Sie gerne und bauen eine qualitative Zusammenarbeit auf!<\/p>\n<p>Blabla<\/p>\n<p>&nbsp;<\/p>\n<p>&nbsp;<\/p>\n<p><a class=\"_btn lg primary\" href=\"\/pl\/realizacje\/\">Nasze realizacje\u00a0<\/a><\/p>\n<p>*ZAMIANA NA &#8222;Skontaktuj si\u0119 z nami&#8220;<\/p>","protected":false},"excerpt":{"rendered":"<p>&nbsp; \u00dcBER UNS &nbsp; &nbsp; Herzlich willkommen bei Borucki Bau, Ihrem zuverl\u00e4ssigen Partner f\u00fcr Ihre Bauprojekte! Unser Hauptsitz befindet sich in Berlin, wir haben aber auch zwei weitere Standorte in Magdeburg und Timmendorfer Strand. Seit 2018 bieten wir unsere Bauleistungen in den Bereichen : Innen- und Au\u00dfenputz, WDVS, Maler- und Holzlakier arbeiten, Altbausanierung, Ger\u00fcstbau an. [&hellip;]<\/p>","protected":false},"author":1,"featured_media":0,"parent":0,"menu_order":0,"comment_status":"closed","ping_status":"closed","template":"templates\/about.php","meta":{"footnotes":""},"class_list":["post-24","page","type-page","status-publish","hentry"],"_links":{"self":[{"href":"https:\/\/boruckibau.de\/pl\/wp-json\/wp\/v2\/pages\/24","targetHints":{"allow":["GET"]}}],"collection":[{"href":"https:\/\/boruckibau.de\/pl\/wp-json\/wp\/v2\/pages"}],"about":[{"href":"https:\/\/boruckibau.de\/pl\/wp-json\/wp\/v2\/types\/page"}],"author":[{"embeddable":true,"href":"https:\/\/boruckibau.de\/pl\/wp-json\/wp\/v2\/users\/1"}],"replies":[{"embeddable":true,"href":"https:\/\/boruckibau.de\/pl\/wp-json\/wp\/v2\/comments?post=24"}],"version-history":[{"count":22,"href":"https:\/\/boruckibau.de\/pl\/wp-json\/wp\/v2\/pages\/24\/revisions"}],"predecessor-version":[{"id":194,"href":"https:\/\/boruckibau.de\/pl\/wp-json\/wp\/v2\/pages\/24\/revisions\/194"}],"wp:attachment":[{"href":"https:\/\/boruckibau.de\/pl\/wp-json\/wp\/v2\/media?parent=24"}],"curies":[{"name":"wp","href":"https:\/\/api.w.org\/{rel}","templated":true}]}}